{"id":386,"date":"2024-04-18T10:31:03","date_gmt":"2024-04-18T08:31:03","guid":{"rendered":"https:\/\/aarsberetning.fjordnorway.com\/2024\/?page_id=386"},"modified":"2025-06-11T11:26:11","modified_gmt":"2025-06-11T09:26:11","slug":"forside","status":"publish","type":"page","link":"https:\/\/aarsberetning.fjordnorway.com\/2024\/","title":{"rendered":"Forside"},"content":{"rendered":"\n<p><strong>Fjord Norge AS<\/strong> er landsdelsselskapet for de tre vestlandsfylkene. I tett samspill med destinasjonsselskapene og n\u00e6ringen, leder vi det internasjonale markedsarbeidet og viser verden Vestlandet.<\/p>\n\n\n\n<p><strong>Vi skal skape reiselyst<\/strong> og gj\u00f8re det lett \u00e5 velge Vestlandet hele \u00e5ret. Gjennom m\u00e5lrettet markedsf\u00f8ring overfor potensielle turister, internasjonale medier og turoperat\u00f8rer skal vi bidra til en b\u00e6rekraftig utvikling av reiselivet i regionen.<\/p>\n\n\n\n<p><strong>Vi jobber spesielt <\/strong>for \u00e5 utjevne sesongvariasjoner, til \u00e5 forlenge oppholdstiden, og til \u00e5 bruke mer av tilbudene i regionen.<\/p>\n","protected":false},"excerpt":{"rendered":"<p>Fjord Norge AS er landsdelsselskapet for de tre vestlandsfylkene. I tett samspill med destinasjonsselskapene og n\u00e6ringen, leder vi det internasjonale markedsarbeidet og viser verden Vestlandet. Vi skal skape reiselyst og gj\u00f8re det lett \u00e5 velge Vestlandet hele \u00e5ret. Gjennom m\u00e5lrettet markedsf\u00f8ring overfor potensielle turister, internasjonale medier og turoperat\u00f8rer skal vi bidra til en b\u00e6rekraftig utvikling [&hellip;]<\/p>\n","protected":false},"author":1,"featured_media":0,"parent":0,"menu_order":0,"comment_status":"closed","ping_status":"closed","template":"","meta":{"_acf_changed":false,"_seopress_robots_primary_cat":"","_seopress_titles_title":"","_seopress_titles_desc":"","_seopress_robots_index":"","footnotes":""},"class_list":["post-386","page","type-page","status-publish","hentry"],"acf":[],"_links":{"self":[{"href":"https:\/\/aarsberetning.fjordnorway.com\/2024\/wp-json\/wp\/v2\/pages\/386","targetHints":{"allow":["GET"]}}],"collection":[{"href":"https:\/\/aarsberetning.fjordnorway.com\/2024\/wp-json\/wp\/v2\/pages"}],"about":[{"href":"https:\/\/aarsberetning.fjordnorway.com\/2024\/wp-json\/wp\/v2\/types\/page"}],"author":[{"embeddable":true,"href":"https:\/\/aarsberetning.fjordnorway.com\/2024\/wp-json\/wp\/v2\/users\/1"}],"replies":[{"embeddable":true,"href":"https:\/\/aarsberetning.fjordnorway.com\/2024\/wp-json\/wp\/v2\/comments?post=386"}],"version-history":[{"count":20,"href":"https:\/\/aarsberetning.fjordnorway.com\/2024\/wp-json\/wp\/v2\/pages\/386\/revisions"}],"predecessor-version":[{"id":1040,"href":"https:\/\/aarsberetning.fjordnorway.com\/2024\/wp-json\/wp\/v2\/pages\/386\/revisions\/1040"}],"wp:attachment":[{"href":"https:\/\/aarsberetning.fjordnorway.com\/2024\/wp-json\/wp\/v2\/media?parent=386"}],"curies":[{"name":"wp","href":"https:\/\/api.w.org\/{rel}","templated":true}]}}